{"id":557,"date":"2020-06-04T13:13:17","date_gmt":"2020-06-04T17:13:17","guid":{"rendered":"https:\/\/transportjcg.com\/soumission\/"},"modified":"2021-10-20T09:49:39","modified_gmt":"2021-10-20T13:49:39","slug":"online-quote","status":"publish","type":"page","link":"https:\/\/transportjcg.com\/en\/online-quote\/","title":{"rendered":"Online Quote"},"content":{"rendered":"\n<div class=\"wpcf7 no-js\" id=\"wpcf7-f8-o1\" lang=\"fr-CA\" dir=\"ltr\" data-wpcf7-id=\"8\">\n<div class=\"screen-reader-response\"><p role=\"status\" aria-live=\"polite\" aria-atomic=\"true\"><\/p> <ul><\/ul><\/div>\n<form action=\"\/en\/wp-json\/wp\/v2\/pages\/557#wpcf7-f8-o1\" method=\"post\" class=\"wpcf7-form init\" aria-label=\"Contact form\" enctype=\"multipart\/form-data\" novalidate=\"novalidate\" data-status=\"init\">\n<fieldset class=\"hidden-fields-container\"><input type=\"hidden\" name=\"_wpcf7\" value=\"8\" \/><input type=\"hidden\" name=\"_wpcf7_version\" value=\"6.1.5\" \/><input type=\"hidden\" name=\"_wpcf7_locale\" value=\"fr_CA\" \/><input type=\"hidden\" name=\"_wpcf7_unit_tag\" value=\"wpcf7-f8-o1\" \/><input type=\"hidden\" name=\"_wpcf7_container_post\" value=\"0\" \/><input type=\"hidden\" name=\"_wpcf7_posted_data_hash\" value=\"\" \/><input type=\"hidden\" name=\"_wpcf7cf_hidden_group_fields\" value=\"[]\" \/><input type=\"hidden\" name=\"_wpcf7cf_hidden_groups\" value=\"[]\" \/><input type=\"hidden\" name=\"_wpcf7cf_visible_groups\" value=\"[]\" \/><input type=\"hidden\" name=\"_wpcf7cf_repeaters\" value=\"[]\" \/><input type=\"hidden\" name=\"_wpcf7cf_steps\" value=\"{}\" \/><input type=\"hidden\" name=\"_wpcf7cf_options\" value=\"{&quot;form_id&quot;:8,&quot;conditions&quot;:[{&quot;then_field&quot;:&quot;group_origine&quot;,&quot;and_rules&quot;:[{&quot;if_field&quot;:&quot;if_origine_checkbox&quot;,&quot;operator&quot;:&quot;not equals&quot;,&quot;if_value&quot;:&quot;Adresse d\\u2019origine est la m\\u00eame que celle de l\\u2019entreprise&quot;}]},{&quot;then_field&quot;:&quot;group_entreprise&quot;,&quot;and_rules&quot;:[{&quot;if_field&quot;:&quot;if_destination_checkbox&quot;,&quot;operator&quot;:&quot;not equals&quot;,&quot;if_value&quot;:&quot;Adresse de destination est la m\\u00eame que celle de l\\u2019entreprise&quot;}]}],&quot;settings&quot;:{&quot;animation&quot;:&quot;yes&quot;,&quot;animation_intime&quot;:200,&quot;animation_outtime&quot;:200,&quot;conditions_ui&quot;:&quot;normal&quot;,&quot;notice_dismissed&quot;:false}}\" \/><input type=\"hidden\" name=\"_wpcf7_recaptcha_response\" value=\"\" \/>\n<\/fieldset>\n<section class=\"l-pageSoumission__section\">\n<h4>Entreprise<\/h4>\n<span class=\"wpcf7-form-control-wrap\" data-name=\"entreprise\"><input size=\"40\" maxlength=\"400\" class=\"wpcf7-form-control wpcf7-text wpcf7-validates-as-required\" aria-required=\"true\" aria-invalid=\"false\" placeholder=\"Entreprise*\" value=\"\" type=\"text\" name=\"entreprise\" \/><\/span>\n<span class=\"wpcf7-form-control-wrap\" data-name=\"adresse\"><input size=\"40\" maxlength=\"400\" class=\"wpcf7-form-control wpcf7-text wpcf7-validates-as-required\" aria-required=\"true\" aria-invalid=\"false\" placeholder=\"Adresse*\" value=\"\" type=\"text\" name=\"adresse\" \/><\/span>\n<span class=\"wpcf7-form-control-wrap\" data-name=\"ville\"><input size=\"40\" maxlength=\"400\" class=\"wpcf7-form-control wpcf7-text wpcf7-validates-as-required\" aria-required=\"true\" aria-invalid=\"false\" placeholder=\"Ville*\" value=\"\" type=\"text\" name=\"ville\" \/><\/span>\n<span class=\"wpcf7-form-control-wrap\" data-name=\"province\"><input size=\"40\" maxlength=\"400\" class=\"wpcf7-form-control wpcf7-text wpcf7-validates-as-required\" aria-required=\"true\" aria-invalid=\"false\" placeholder=\"Province\/\u00c9tat*\" value=\"\" type=\"text\" name=\"province\" \/><\/span>\n<span class=\"wpcf7-form-control-wrap\" data-name=\"pays\"><input size=\"40\" maxlength=\"400\" class=\"wpcf7-form-control wpcf7-text wpcf7-validates-as-required\" aria-required=\"true\" aria-invalid=\"false\" placeholder=\"Pays*\" value=\"\" type=\"text\" name=\"pays\" \/><\/span>\n<span class=\"wpcf7-form-control-wrap\" data-name=\"codepostal\"><input size=\"40\" maxlength=\"400\" class=\"wpcf7-form-control wpcf7-text wpcf7-validates-as-required\" aria-required=\"true\" aria-invalid=\"false\" placeholder=\"Code Postal*\" value=\"\" type=\"text\" name=\"codepostal\" \/><\/span>\n<span class=\"wpcf7-form-control-wrap\" data-name=\"tel\"><input size=\"40\" maxlength=\"400\" class=\"wpcf7-form-control wpcf7-tel wpcf7-text wpcf7-validates-as-tel\" aria-invalid=\"false\" placeholder=\"T\u00e9l\u00e9phone\" value=\"\" type=\"tel\" name=\"tel\" \/><\/span>\n<\/section>\n\n<section class=\"l-pageSoumission__section\">\n<h4>Personne contact<\/h4>\n<span class=\"wpcf7-form-control-wrap\" data-name=\"contact_nom\"><input size=\"40\" maxlength=\"400\" class=\"wpcf7-form-control wpcf7-text wpcf7-validates-as-required\" aria-required=\"true\" aria-invalid=\"false\" placeholder=\"Nom et pr\u00e9nom*\" value=\"\" type=\"text\" name=\"contact_nom\" \/><\/span>\n<span class=\"wpcf7-form-control-wrap\" data-name=\"contact_courriel\"><input size=\"40\" maxlength=\"400\" class=\"wpcf7-form-control wpcf7-email wpcf7-validates-as-required wpcf7-text wpcf7-validates-as-email\" aria-required=\"true\" aria-invalid=\"false\" placeholder=\"Courriel\" value=\"\" type=\"email\" name=\"contact_courriel\" \/><\/span>\n<\/section>\n\n<section class=\"l-pageSoumission__section\">\n<h4>Produit<\/h4>\n<span class=\"wpcf7-form-control-wrap\" data-name=\"description\"><textarea cols=\"40\" rows=\"10\" maxlength=\"2000\" class=\"wpcf7-form-control wpcf7-textarea\" aria-invalid=\"false\" placeholder=\"Description\" name=\"description\"><\/textarea><\/span>\n<span class=\"wpcf7-form-control-wrap\" data-name=\"produit_poids\"><input size=\"40\" maxlength=\"400\" class=\"wpcf7-form-control wpcf7-text wpcf7-validates-as-required\" aria-required=\"true\" aria-invalid=\"false\" placeholder=\"Poids*\" value=\"\" type=\"text\" name=\"produit_poids\" \/><\/span>\n<span class=\"wpcf7-form-control-wrap\" data-name=\"produit_unite_poids\"><span class=\"wpcf7-form-control wpcf7-radio\"><span class=\"wpcf7-list-item first\"><label><input type=\"radio\" name=\"produit_unite_poids\" value=\"Lb\" checked=\"checked\" \/><span class=\"wpcf7-list-item-label\">Lb<\/span><\/label><\/span><span class=\"wpcf7-list-item last\"><label><input type=\"radio\" name=\"produit_unite_poids\" value=\"Kg\" \/><span class=\"wpcf7-list-item-label\">Kg<\/span><\/label><\/span><\/span><\/span>\n<span class=\"wpcf7-form-control-wrap\" data-name=\"produit_frequence\"><input size=\"40\" maxlength=\"400\" class=\"wpcf7-form-control wpcf7-text wpcf7-validates-as-required\" aria-required=\"true\" aria-invalid=\"false\" placeholder=\"Fr\u00e9quence des exp\u00e9ditions*\" value=\"\" type=\"text\" name=\"produit_frequence\" \/><\/span>\n\n<div class=\"customInputFile\">\nFiche de donn\u00e9es s\u00e9curit\u00e9 \/ Fiche technique. (PDF)<br>\n<div class=\"customInputFile__btn\">\nT\u00e9l\u00e9chargez\n<span class=\"wpcf7-form-control-wrap\" data-name=\"produit_donnees\"><input size=\"40\" class=\"wpcf7-form-control wpcf7-file\" accept=\".pdf\" aria-invalid=\"false\" type=\"file\" name=\"produit_donnees\" \/><\/span>\n<\/div>\n\n<\/div>\n\n<\/section>\n\n<section class=\"l-pageSoumission__section\">\n<h4>Origine<\/h4>\n<span class=\"wpcf7-form-control-wrap\" data-name=\"if_origine_checkbox\"><span class=\"wpcf7-form-control wpcf7-checkbox\"><span class=\"wpcf7-list-item first last\"><label><input type=\"checkbox\" name=\"if_origine_checkbox[]\" value=\"Adresse d\u2019origine est la m\u00eame que celle de l\u2019entreprise\" \/><span class=\"wpcf7-list-item-label\">Adresse d\u2019origine est la m\u00eame que celle de l\u2019entreprise<\/span><\/label><\/span><\/span><\/span><br>\n\n<div data-id=\"group_origine\" data-orig_data_id=\"group_origine\"  class=\"\" data-class=\"wpcf7cf_group\">\n<span class=\"wpcf7-form-control-wrap\" data-name=\"origine_consignataire\"><input size=\"40\" maxlength=\"400\" class=\"wpcf7-form-control wpcf7-text\" aria-invalid=\"false\" placeholder=\"Consignataire*\" value=\"\" type=\"text\" name=\"origine_consignataire\" \/><\/span>\n<span class=\"wpcf7-form-control-wrap\" data-name=\"origine_adresse\"><input size=\"40\" maxlength=\"400\" class=\"wpcf7-form-control wpcf7-text\" aria-invalid=\"false\" placeholder=\"Adresse*\" value=\"\" type=\"text\" name=\"origine_adresse\" \/><\/span>\n<span class=\"wpcf7-form-control-wrap\" data-name=\"origine_ville\"><input size=\"40\" maxlength=\"400\" class=\"wpcf7-form-control wpcf7-text\" aria-invalid=\"false\" placeholder=\"Ville*\" value=\"\" type=\"text\" name=\"origine_ville\" \/><\/span>\n<span class=\"wpcf7-form-control-wrap\" data-name=\"origine_province\"><input size=\"40\" maxlength=\"400\" class=\"wpcf7-form-control wpcf7-text\" aria-invalid=\"false\" placeholder=\"Province\/\u00c9tat*\" value=\"\" type=\"text\" name=\"origine_province\" \/><\/span>\n<span class=\"wpcf7-form-control-wrap\" data-name=\"origine_pays\"><input size=\"40\" maxlength=\"400\" class=\"wpcf7-form-control wpcf7-text\" aria-invalid=\"false\" placeholder=\"Pays*\" value=\"\" type=\"text\" name=\"origine_pays\" \/><\/span>\n<span class=\"wpcf7-form-control-wrap\" data-name=\"origine_codepostal\"><input size=\"40\" maxlength=\"400\" class=\"wpcf7-form-control wpcf7-text\" aria-invalid=\"false\" placeholder=\"Code Postal*\" value=\"\" type=\"text\" name=\"origine_codepostal\" \/><\/span>\n<\/div>\n<\/section>\n\n<section class=\"l-pageSoumission__section\">\n<h4>Destination<\/h4>\n<span class=\"wpcf7-form-control-wrap\" data-name=\"if_destination_checkbox\"><span class=\"wpcf7-form-control wpcf7-checkbox\"><span class=\"wpcf7-list-item first last\"><label><input type=\"checkbox\" name=\"if_destination_checkbox[]\" value=\"Adresse de destination est la m\u00eame que celle de l\u2019entreprise\" \/><span class=\"wpcf7-list-item-label\">Adresse de destination est la m\u00eame que celle de l\u2019entreprise<\/span><\/label><\/span><\/span><\/span><br>\n\n<div data-id=\"group_entreprise\" data-orig_data_id=\"group_entreprise\"  class=\"\" data-class=\"wpcf7cf_group\">\n<span class=\"wpcf7-form-control-wrap\" data-name=\"destination_consignataire\"><input size=\"40\" maxlength=\"400\" class=\"wpcf7-form-control wpcf7-text\" aria-invalid=\"false\" placeholder=\"Consignataire*\" value=\"\" type=\"text\" name=\"destination_consignataire\" \/><\/span>\n<span class=\"wpcf7-form-control-wrap\" data-name=\"destination_adresse\"><input size=\"40\" maxlength=\"400\" class=\"wpcf7-form-control wpcf7-text\" aria-invalid=\"false\" placeholder=\"Adresse*\" value=\"\" type=\"text\" name=\"destination_adresse\" \/><\/span>\n<span class=\"wpcf7-form-control-wrap\" data-name=\"destination_ville\"><input size=\"40\" maxlength=\"400\" class=\"wpcf7-form-control wpcf7-text\" aria-invalid=\"false\" placeholder=\"Ville*\" value=\"\" type=\"text\" name=\"destination_ville\" \/><\/span>\n<span class=\"wpcf7-form-control-wrap\" data-name=\"destination_province\"><input size=\"40\" maxlength=\"400\" class=\"wpcf7-form-control wpcf7-text\" aria-invalid=\"false\" placeholder=\"Province\/\u00c9tat*\" value=\"\" type=\"text\" name=\"destination_province\" \/><\/span>\n<span class=\"wpcf7-form-control-wrap\" data-name=\"destination_pays\"><input size=\"40\" maxlength=\"400\" class=\"wpcf7-form-control wpcf7-text\" aria-invalid=\"false\" placeholder=\"Pays*\" value=\"\" type=\"text\" name=\"destination_pays\" \/><\/span>\n<span class=\"wpcf7-form-control-wrap\" data-name=\"destination_codepostal\"><input size=\"40\" maxlength=\"400\" class=\"wpcf7-form-control wpcf7-text\" aria-invalid=\"false\" placeholder=\"Code Postal*\" value=\"\" type=\"text\" name=\"destination_codepostal\" \/><\/span>\n<\/div>\n\n<\/section>\n\n<section class=\"l-pageSoumission__section\">\n<h4>Information suppl\u00e9mentaire pertinente<\/h4>\n<span class=\"wpcf7-form-control-wrap\" data-name=\"commentaires\"><textarea cols=\"40\" rows=\"10\" maxlength=\"2000\" class=\"wpcf7-form-control wpcf7-textarea\" aria-invalid=\"false\" placeholder=\"Commentaires\" name=\"commentaires\"><\/textarea><\/span>\n<\/section>\n\n<section class=\"l-pageSoumission__section\">\n<input class=\"wpcf7-form-control wpcf7-submit has-spinner\" type=\"submit\" value=\"Soumettre\" \/>\n<\/section>\n\n<section id=\"entreposage\" class=\"l-pageSoumission__section\">\n\n<h3>Vous avez du mat\u00e9riel \u00e0 faire entreposer?<\/h3>\n<a href=\"mailto:soumission@transportjcg.com\">Contactez-nous si vous avez des questions ou pour une soumission !<\/a>\nMerci ! \n<\/section><div class=\"wpcf7-response-output\" aria-hidden=\"true\"><\/div>\n<\/form>\n<\/div>\n\n","protected":false},"excerpt":{"rendered":"","protected":false},"author":1,"featured_media":0,"parent":0,"menu_order":18,"comment_status":"closed","ping_status":"closed","template":"page-soumission.php","meta":{"_acf_changed":false,"_monsterinsights_skip_tracking":false,"_monsterinsights_sitenote_active":false,"_monsterinsights_sitenote_note":"","_monsterinsights_sitenote_category":0,"footnotes":""},"class_list":["post-557","page","type-page","status-publish","hentry"],"acf":[],"yoast_head":"<!-- This site is optimized with the Yoast SEO plugin v27.0 - https:\/\/yoast.com\/product\/yoast-seo-wordpress\/ -->\n<title>Online Quote - Transport JCG<\/title>\n<meta name=\"robots\" content=\"index, follow, max-snippet:-1, max-image-preview:large, max-video-preview:-1\" \/>\n<link rel=\"canonical\" href=\"https:\/\/transportjcg.com\/en\/online-quote\/\" \/>\n<meta property=\"og:locale\" content=\"en_US\" \/>\n<meta property=\"og:type\" content=\"article\" \/>\n<meta property=\"og:title\" content=\"Online Quote - Transport JCG\" \/>\n<meta property=\"og:url\" content=\"https:\/\/transportjcg.com\/en\/online-quote\/\" \/>\n<meta property=\"og:site_name\" content=\"Transport JCG\" \/>\n<meta property=\"article:modified_time\" content=\"2021-10-20T13:49:39+00:00\" \/>\n<meta name=\"twitter:card\" content=\"summary_large_image\" \/>\n<script type=\"application\/ld+json\" class=\"yoast-schema-graph\">{\"@context\":\"https:\/\/schema.org\",\"@graph\":[{\"@type\":\"WebPage\",\"@id\":\"https:\/\/transportjcg.com\/en\/online-quote\/\",\"url\":\"https:\/\/transportjcg.com\/en\/online-quote\/\",\"name\":\"Online Quote - Transport JCG\",\"isPartOf\":{\"@id\":\"https:\/\/transportjcg.com\/#website\"},\"datePublished\":\"2020-06-04T17:13:17+00:00\",\"dateModified\":\"2021-10-20T13:49:39+00:00\",\"breadcrumb\":{\"@id\":\"https:\/\/transportjcg.com\/en\/online-quote\/#breadcrumb\"},\"inLanguage\":\"en-US\",\"potentialAction\":[{\"@type\":\"ReadAction\",\"target\":[\"https:\/\/transportjcg.com\/en\/online-quote\/\"]}]},{\"@type\":\"BreadcrumbList\",\"@id\":\"https:\/\/transportjcg.com\/en\/online-quote\/#breadcrumb\",\"itemListElement\":[{\"@type\":\"ListItem\",\"position\":1,\"name\":\"Accueil\",\"item\":\"https:\/\/transportjcg.com\/en\/\"},{\"@type\":\"ListItem\",\"position\":2,\"name\":\"Online Quote\"}]},{\"@type\":\"WebSite\",\"@id\":\"https:\/\/transportjcg.com\/#website\",\"url\":\"https:\/\/transportjcg.com\/\",\"name\":\"Transport JCG\",\"description\":\"\",\"potentialAction\":[{\"@type\":\"SearchAction\",\"target\":{\"@type\":\"EntryPoint\",\"urlTemplate\":\"https:\/\/transportjcg.com\/?s={search_term_string}\"},\"query-input\":{\"@type\":\"PropertyValueSpecification\",\"valueRequired\":true,\"valueName\":\"search_term_string\"}}],\"inLanguage\":\"en-US\"}]}<\/script>\n<!-- \/ Yoast SEO plugin. -->","yoast_head_json":{"title":"Online Quote - Transport JCG","robots":{"index":"index","follow":"follow","max-snippet":"max-snippet:-1","max-image-preview":"max-image-preview:large","max-video-preview":"max-video-preview:-1"},"canonical":"https:\/\/transportjcg.com\/en\/online-quote\/","og_locale":"en_US","og_type":"article","og_title":"Online Quote - Transport JCG","og_url":"https:\/\/transportjcg.com\/en\/online-quote\/","og_site_name":"Transport JCG","article_modified_time":"2021-10-20T13:49:39+00:00","twitter_card":"summary_large_image","schema":{"@context":"https:\/\/schema.org","@graph":[{"@type":"WebPage","@id":"https:\/\/transportjcg.com\/en\/online-quote\/","url":"https:\/\/transportjcg.com\/en\/online-quote\/","name":"Online Quote - Transport JCG","isPartOf":{"@id":"https:\/\/transportjcg.com\/#website"},"datePublished":"2020-06-04T17:13:17+00:00","dateModified":"2021-10-20T13:49:39+00:00","breadcrumb":{"@id":"https:\/\/transportjcg.com\/en\/online-quote\/#breadcrumb"},"inLanguage":"en-US","potentialAction":[{"@type":"ReadAction","target":["https:\/\/transportjcg.com\/en\/online-quote\/"]}]},{"@type":"BreadcrumbList","@id":"https:\/\/transportjcg.com\/en\/online-quote\/#breadcrumb","itemListElement":[{"@type":"ListItem","position":1,"name":"Accueil","item":"https:\/\/transportjcg.com\/en\/"},{"@type":"ListItem","position":2,"name":"Online Quote"}]},{"@type":"WebSite","@id":"https:\/\/transportjcg.com\/#website","url":"https:\/\/transportjcg.com\/","name":"Transport JCG","description":"","potentialAction":[{"@type":"SearchAction","target":{"@type":"EntryPoint","urlTemplate":"https:\/\/transportjcg.com\/?s={search_term_string}"},"query-input":{"@type":"PropertyValueSpecification","valueRequired":true,"valueName":"search_term_string"}}],"inLanguage":"en-US"}]}},"_links":{"self":[{"href":"https:\/\/transportjcg.com\/en\/wp-json\/wp\/v2\/pages\/557","targetHints":{"allow":["GET"]}}],"collection":[{"href":"https:\/\/transportjcg.com\/en\/wp-json\/wp\/v2\/pages"}],"about":[{"href":"https:\/\/transportjcg.com\/en\/wp-json\/wp\/v2\/types\/page"}],"author":[{"embeddable":true,"href":"https:\/\/transportjcg.com\/en\/wp-json\/wp\/v2\/users\/1"}],"replies":[{"embeddable":true,"href":"https:\/\/transportjcg.com\/en\/wp-json\/wp\/v2\/comments?post=557"}],"version-history":[{"count":4,"href":"https:\/\/transportjcg.com\/en\/wp-json\/wp\/v2\/pages\/557\/revisions"}],"predecessor-version":[{"id":1365,"href":"https:\/\/transportjcg.com\/en\/wp-json\/wp\/v2\/pages\/557\/revisions\/1365"}],"wp:attachment":[{"href":"https:\/\/transportjcg.com\/en\/wp-json\/wp\/v2\/media?parent=557"}],"curies":[{"name":"wp","href":"https:\/\/api.w.org\/{rel}","templated":true}]}}